{"id":2374,"date":"2021-06-27T03:37:09","date_gmt":"2021-06-27T01:37:09","guid":{"rendered":"http:\/\/aveniawaterfront.com\/?post_type=product&#038;p=2374"},"modified":"2024-03-12T22:16:24","modified_gmt":"2024-03-12T21:16:24","slug":"osso-buco-steak","status":"publish","type":"product","link":"http:\/\/aveniawaterfront.com\/en\/jelovnik\/osso-buco-steak\/","title":{"rendered":"Osso buco steak"},"content":{"rendered":"","protected":false},"excerpt":{"rendered":"<p>June\u0107a kolenica u vinu, pire od pe\u010dene bundeve sa vla\u0161cem i demiglas sosom<\/p>","protected":false},"featured_media":2450,"template":"","meta":[],"product_cat":[27],"product_tag":[],"_links":{"self":[{"href":"http:\/\/aveniawaterfront.com\/en\/wp-json\/wp\/v2\/product\/2374"}],"collection":[{"href":"http:\/\/aveniawaterfront.com\/en\/wp-json\/wp\/v2\/product"}],"about":[{"href":"http:\/\/aveniawaterfront.com\/en\/wp-json\/wp\/v2\/types\/product"}],"wp:featuredmedia":[{"embeddable":true,"href":"http:\/\/aveniawaterfront.com\/en\/wp-json\/wp\/v2\/media\/2450"}],"wp:attachment":[{"href":"http:\/\/aveniawaterfront.com\/en\/wp-json\/wp\/v2\/media?parent=2374"}],"wp:term":[{"taxonomy":"product_cat","embeddable":true,"href":"http:\/\/aveniawaterfront.com\/en\/wp-json\/wp\/v2\/product_cat?post=2374"},{"taxonomy":"product_tag","embeddable":true,"href":"http:\/\/aveniawaterfront.com\/en\/wp-json\/wp\/v2\/product_tag?post=2374"}],"curies":[{"name":"wp","href":"https:\/\/api.w.org\/{rel}","templated":true}]}}