{"id":2603,"date":"2022-05-07T04:50:12","date_gmt":"2022-05-07T02:50:12","guid":{"rendered":"http:\/\/aveniawaterfront.com\/?post_type=product&#038;p=2603"},"modified":"2025-07-17T22:43:59","modified_gmt":"2025-07-17T20:43:59","slug":"nugat","status":"publish","type":"product","link":"http:\/\/aveniawaterfront.com\/en\/jelovnik\/nugat\/","title":{"rendered":"Nugat"},"content":{"rendered":"","protected":false},"excerpt":{"rendered":"<p>\u010cokoladna korica prelivena najne\u017enijim spojem mle\u010dnog krema, \u010dokolade i pe\u010denog le\u0161nika<\/p>","protected":false},"featured_media":2686,"template":"","meta":[],"product_cat":[104],"product_tag":[],"_links":{"self":[{"href":"http:\/\/aveniawaterfront.com\/en\/wp-json\/wp\/v2\/product\/2603"}],"collection":[{"href":"http:\/\/aveniawaterfront.com\/en\/wp-json\/wp\/v2\/product"}],"about":[{"href":"http:\/\/aveniawaterfront.com\/en\/wp-json\/wp\/v2\/types\/product"}],"wp:featuredmedia":[{"embeddable":true,"href":"http:\/\/aveniawaterfront.com\/en\/wp-json\/wp\/v2\/media\/2686"}],"wp:attachment":[{"href":"http:\/\/aveniawaterfront.com\/en\/wp-json\/wp\/v2\/media?parent=2603"}],"wp:term":[{"taxonomy":"product_cat","embeddable":true,"href":"http:\/\/aveniawaterfront.com\/en\/wp-json\/wp\/v2\/product_cat?post=2603"},{"taxonomy":"product_tag","embeddable":true,"href":"http:\/\/aveniawaterfront.com\/en\/wp-json\/wp\/v2\/product_tag?post=2603"}],"curies":[{"name":"wp","href":"https:\/\/api.w.org\/{rel}","templated":true}]}}