{"id":2362,"date":"2021-06-27T03:30:45","date_gmt":"2021-06-27T01:30:45","guid":{"rendered":"http:\/\/aveniawaterfront.com\/?post_type=product&#038;p=2362"},"modified":"2024-03-12T22:19:56","modified_gmt":"2024-03-12T21:19:56","slug":"steakhouse-salata","status":"publish","type":"product","link":"https:\/\/aveniawaterfront.com\/en\/jelovnik\/steakhouse-salata\/","title":{"rendered":"Steakhouse salad"},"content":{"rendered":"","protected":false},"excerpt":{"rendered":"<p>Sve\u017ea govedina u korici od vrganja, topljeni \u010dedar, aioli od pe\u010dene paprike, hrskavi luk, su\u0161eni paradajz, baby spana\u0107 i burgul p\u0161enica<\/p>","protected":false},"featured_media":2493,"template":"","meta":[],"product_cat":[31],"product_tag":[],"_links":{"self":[{"href":"https:\/\/aveniawaterfront.com\/en\/wp-json\/wp\/v2\/product\/2362"}],"collection":[{"href":"https:\/\/aveniawaterfront.com\/en\/wp-json\/wp\/v2\/product"}],"about":[{"href":"https:\/\/aveniawaterfront.com\/en\/wp-json\/wp\/v2\/types\/product"}],"wp:featuredmedia":[{"embeddable":true,"href":"https:\/\/aveniawaterfront.com\/en\/wp-json\/wp\/v2\/media\/2493"}],"wp:attachment":[{"href":"https:\/\/aveniawaterfront.com\/en\/wp-json\/wp\/v2\/media?parent=2362"}],"wp:term":[{"taxonomy":"product_cat","embeddable":true,"href":"https:\/\/aveniawaterfront.com\/en\/wp-json\/wp\/v2\/product_cat?post=2362"},{"taxonomy":"product_tag","embeddable":true,"href":"https:\/\/aveniawaterfront.com\/en\/wp-json\/wp\/v2\/product_tag?post=2362"}],"curies":[{"name":"wp","href":"https:\/\/api.w.org\/{rel}","templated":true}]}}