{"id":2386,"date":"2021-06-27T03:45:54","date_gmt":"2021-06-27T01:45:54","guid":{"rendered":"http:\/\/aveniawaterfront.com\/?post_type=product&#038;p=2386"},"modified":"2024-03-12T22:12:43","modified_gmt":"2024-03-12T21:12:43","slug":"ribeye-steak-1-kg","status":"publish","type":"product","link":"https:\/\/aveniawaterfront.com\/en\/jelovnik\/ribeye-steak-1-kg\/","title":{"rendered":"RIBEYE STEAK (1 kg)"},"content":{"rendered":"","protected":false},"excerpt":{"rendered":"<p>Ledjni deo mesa, rebara. Ovaj steak karakteri\u0161e izuzetna so\u010dnost zbog medjumi\u0161i\u0107ne masno\u0107e.<br \/>\nJedan od omiljenih stekova svakog poznavaoca<\/p>","protected":false},"featured_media":2548,"template":"","meta":[],"product_cat":[99],"product_tag":[],"_links":{"self":[{"href":"https:\/\/aveniawaterfront.com\/en\/wp-json\/wp\/v2\/product\/2386"}],"collection":[{"href":"https:\/\/aveniawaterfront.com\/en\/wp-json\/wp\/v2\/product"}],"about":[{"href":"https:\/\/aveniawaterfront.com\/en\/wp-json\/wp\/v2\/types\/product"}],"wp:featuredmedia":[{"embeddable":true,"href":"https:\/\/aveniawaterfront.com\/en\/wp-json\/wp\/v2\/media\/2548"}],"wp:attachment":[{"href":"https:\/\/aveniawaterfront.com\/en\/wp-json\/wp\/v2\/media?parent=2386"}],"wp:term":[{"taxonomy":"product_cat","embeddable":true,"href":"https:\/\/aveniawaterfront.com\/en\/wp-json\/wp\/v2\/product_cat?post=2386"},{"taxonomy":"product_tag","embeddable":true,"href":"https:\/\/aveniawaterfront.com\/en\/wp-json\/wp\/v2\/product_tag?post=2386"}],"curies":[{"name":"wp","href":"https:\/\/api.w.org\/{rel}","templated":true}]}}