{"id":2584,"date":"2022-05-07T04:13:25","date_gmt":"2022-05-07T02:13:25","guid":{"rendered":"http:\/\/aveniawaterfront.com\/?post_type=product&#038;p=2584"},"modified":"2024-10-18T00:22:33","modified_gmt":"2024-10-17T22:22:33","slug":"plata-za-dve-osobe","status":"publish","type":"product","link":"https:\/\/aveniawaterfront.com\/en\/jelovnik\/plata-za-dve-osobe\/","title":{"rendered":"Plata za dve osobe"},"content":{"rendered":"","protected":false},"excerpt":{"rendered":"<p>Pile\u0107i file, kobasica, dimljeni vrat, svinjski ra\u017enji\u0107 i mladi krompir<\/p>","protected":false},"featured_media":2621,"template":"","meta":[],"product_cat":[98],"product_tag":[],"_links":{"self":[{"href":"https:\/\/aveniawaterfront.com\/en\/wp-json\/wp\/v2\/product\/2584"}],"collection":[{"href":"https:\/\/aveniawaterfront.com\/en\/wp-json\/wp\/v2\/product"}],"about":[{"href":"https:\/\/aveniawaterfront.com\/en\/wp-json\/wp\/v2\/types\/product"}],"wp:featuredmedia":[{"embeddable":true,"href":"https:\/\/aveniawaterfront.com\/en\/wp-json\/wp\/v2\/media\/2621"}],"wp:attachment":[{"href":"https:\/\/aveniawaterfront.com\/en\/wp-json\/wp\/v2\/media?parent=2584"}],"wp:term":[{"taxonomy":"product_cat","embeddable":true,"href":"https:\/\/aveniawaterfront.com\/en\/wp-json\/wp\/v2\/product_cat?post=2584"},{"taxonomy":"product_tag","embeddable":true,"href":"https:\/\/aveniawaterfront.com\/en\/wp-json\/wp\/v2\/product_tag?post=2584"}],"curies":[{"name":"wp","href":"https:\/\/api.w.org\/{rel}","templated":true}]}}