{"id":2590,"date":"2022-05-07T04:27:42","date_gmt":"2022-05-07T02:27:42","guid":{"rendered":"http:\/\/aveniawaterfront.com\/?post_type=product&#038;p=2590"},"modified":"2024-10-18T00:26:43","modified_gmt":"2024-10-17T22:26:43","slug":"biftek-u-sosu-od-divljih-pecuraka","status":"publish","type":"product","link":"https:\/\/aveniawaterfront.com\/en\/jelovnik\/biftek-u-sosu-od-divljih-pecuraka\/","title":{"rendered":"Biftek u sosu od divljih pe\u010duraka"},"content":{"rendered":"","protected":false},"excerpt":{"rendered":"<p>Sve\u017e komad mariniranog bifteka u sosu od divljih pe\u010duraka sa za\u010dinskim krompirom<\/p>","protected":false},"featured_media":2606,"template":"","meta":[],"product_cat":[100],"product_tag":[],"_links":{"self":[{"href":"https:\/\/aveniawaterfront.com\/en\/wp-json\/wp\/v2\/product\/2590"}],"collection":[{"href":"https:\/\/aveniawaterfront.com\/en\/wp-json\/wp\/v2\/product"}],"about":[{"href":"https:\/\/aveniawaterfront.com\/en\/wp-json\/wp\/v2\/types\/product"}],"wp:featuredmedia":[{"embeddable":true,"href":"https:\/\/aveniawaterfront.com\/en\/wp-json\/wp\/v2\/media\/2606"}],"wp:attachment":[{"href":"https:\/\/aveniawaterfront.com\/en\/wp-json\/wp\/v2\/media?parent=2590"}],"wp:term":[{"taxonomy":"product_cat","embeddable":true,"href":"https:\/\/aveniawaterfront.com\/en\/wp-json\/wp\/v2\/product_cat?post=2590"},{"taxonomy":"product_tag","embeddable":true,"href":"https:\/\/aveniawaterfront.com\/en\/wp-json\/wp\/v2\/product_tag?post=2590"}],"curies":[{"name":"wp","href":"https:\/\/api.w.org\/{rel}","templated":true}]}}