{"id":2601,"date":"2022-05-07T04:42:29","date_gmt":"2022-05-07T02:42:29","guid":{"rendered":"http:\/\/aveniawaterfront.com\/?post_type=product&#038;p=2601"},"modified":"2023-10-29T18:27:19","modified_gmt":"2023-10-29T17:27:19","slug":"fruti-di-bosco","status":"publish","type":"product","link":"https:\/\/aveniawaterfront.com\/en\/jelovnik\/fruti-di-bosco\/","title":{"rendered":"Fruti di bosco"},"content":{"rendered":"","protected":false},"excerpt":{"rendered":"<p>Osve\u017eavaju\u0107i kola\u010d sa \u010doko koricom, \u0161umskim vo\u0107em i najfinijom belom \u010dokoladom<\/p>","protected":false},"featured_media":0,"template":"","meta":[],"product_cat":[104],"product_tag":[],"_links":{"self":[{"href":"https:\/\/aveniawaterfront.com\/en\/wp-json\/wp\/v2\/product\/2601"}],"collection":[{"href":"https:\/\/aveniawaterfront.com\/en\/wp-json\/wp\/v2\/product"}],"about":[{"href":"https:\/\/aveniawaterfront.com\/en\/wp-json\/wp\/v2\/types\/product"}],"wp:attachment":[{"href":"https:\/\/aveniawaterfront.com\/en\/wp-json\/wp\/v2\/media?parent=2601"}],"wp:term":[{"taxonomy":"product_cat","embeddable":true,"href":"https:\/\/aveniawaterfront.com\/en\/wp-json\/wp\/v2\/product_cat?post=2601"},{"taxonomy":"product_tag","embeddable":true,"href":"https:\/\/aveniawaterfront.com\/en\/wp-json\/wp\/v2\/product_tag?post=2601"}],"curies":[{"name":"wp","href":"https:\/\/api.w.org\/{rel}","templated":true}]}}