{"id":2679,"date":"2024-10-21T22:43:27","date_gmt":"2024-10-21T20:43:27","guid":{"rendered":"https:\/\/aveniawaterfront.com\/?post_type=product&#038;p=2679"},"modified":"2024-10-21T22:44:20","modified_gmt":"2024-10-21T20:44:20","slug":"rosberitta-nuts","status":"publish","type":"product","link":"https:\/\/aveniawaterfront.com\/en\/jelovnik\/rosberitta-nuts\/","title":{"rendered":"Rosberitta nuts"},"content":{"rendered":"","protected":false},"excerpt":{"rendered":"<p>Malina, le\u0161nik i mla\u010dna \u010dokolada vrhunskog kvaliteta<\/p>","protected":false},"featured_media":0,"template":"","meta":[],"product_cat":[104],"product_tag":[],"_links":{"self":[{"href":"https:\/\/aveniawaterfront.com\/en\/wp-json\/wp\/v2\/product\/2679"}],"collection":[{"href":"https:\/\/aveniawaterfront.com\/en\/wp-json\/wp\/v2\/product"}],"about":[{"href":"https:\/\/aveniawaterfront.com\/en\/wp-json\/wp\/v2\/types\/product"}],"wp:attachment":[{"href":"https:\/\/aveniawaterfront.com\/en\/wp-json\/wp\/v2\/media?parent=2679"}],"wp:term":[{"taxonomy":"product_cat","embeddable":true,"href":"https:\/\/aveniawaterfront.com\/en\/wp-json\/wp\/v2\/product_cat?post=2679"},{"taxonomy":"product_tag","embeddable":true,"href":"https:\/\/aveniawaterfront.com\/en\/wp-json\/wp\/v2\/product_tag?post=2679"}],"curies":[{"name":"wp","href":"https:\/\/api.w.org\/{rel}","templated":true}]}}