{"id":2680,"date":"2024-10-21T22:44:36","date_gmt":"2024-10-21T20:44:36","guid":{"rendered":"https:\/\/aveniawaterfront.com\/?post_type=product&#038;p=2680"},"modified":"2024-10-21T22:45:48","modified_gmt":"2024-10-21T20:45:48","slug":"pistac-malina","status":"publish","type":"product","link":"https:\/\/aveniawaterfront.com\/en\/jelovnik\/pistac-malina\/","title":{"rendered":"Pista\u0107 &#8211; malina"},"content":{"rendered":"","protected":false},"excerpt":{"rendered":"<p>Korica sa \u010do\u010dkoladom i puterom, kombinacija kremova sa maskarpone sirom, pe\u010denim mrvljenim pista\u0107ima i pire od maline<\/p>","protected":false},"featured_media":0,"template":"","meta":[],"product_cat":[104],"product_tag":[],"_links":{"self":[{"href":"https:\/\/aveniawaterfront.com\/en\/wp-json\/wp\/v2\/product\/2680"}],"collection":[{"href":"https:\/\/aveniawaterfront.com\/en\/wp-json\/wp\/v2\/product"}],"about":[{"href":"https:\/\/aveniawaterfront.com\/en\/wp-json\/wp\/v2\/types\/product"}],"wp:attachment":[{"href":"https:\/\/aveniawaterfront.com\/en\/wp-json\/wp\/v2\/media?parent=2680"}],"wp:term":[{"taxonomy":"product_cat","embeddable":true,"href":"https:\/\/aveniawaterfront.com\/en\/wp-json\/wp\/v2\/product_cat?post=2680"},{"taxonomy":"product_tag","embeddable":true,"href":"https:\/\/aveniawaterfront.com\/en\/wp-json\/wp\/v2\/product_tag?post=2680"}],"curies":[{"name":"wp","href":"https:\/\/api.w.org\/{rel}","templated":true}]}}