{"id":2695,"date":"2025-09-11T01:19:29","date_gmt":"2025-09-10T23:19:29","guid":{"rendered":"https:\/\/aveniawaterfront.com\/?post_type=product&#038;p=2695"},"modified":"2025-09-11T01:21:18","modified_gmt":"2025-09-10T23:21:18","slug":"teletina-sac","status":"publish","type":"product","link":"https:\/\/aveniawaterfront.com\/en\/jelovnik\/teletina-sac\/","title":{"rendered":"Teletina sa\u010d"},"content":{"rendered":"","protected":false},"excerpt":{"rendered":"<p>Odko\u0161tena tele\u0107a rebra servirana na pekarskom krompiru sa kuglom kajmaka<\/p>","protected":false},"featured_media":2696,"template":"","meta":[],"product_cat":[100],"product_tag":[],"_links":{"self":[{"href":"https:\/\/aveniawaterfront.com\/en\/wp-json\/wp\/v2\/product\/2695"}],"collection":[{"href":"https:\/\/aveniawaterfront.com\/en\/wp-json\/wp\/v2\/product"}],"about":[{"href":"https:\/\/aveniawaterfront.com\/en\/wp-json\/wp\/v2\/types\/product"}],"wp:featuredmedia":[{"embeddable":true,"href":"https:\/\/aveniawaterfront.com\/en\/wp-json\/wp\/v2\/media\/2696"}],"wp:attachment":[{"href":"https:\/\/aveniawaterfront.com\/en\/wp-json\/wp\/v2\/media?parent=2695"}],"wp:term":[{"taxonomy":"product_cat","embeddable":true,"href":"https:\/\/aveniawaterfront.com\/en\/wp-json\/wp\/v2\/product_cat?post=2695"},{"taxonomy":"product_tag","embeddable":true,"href":"https:\/\/aveniawaterfront.com\/en\/wp-json\/wp\/v2\/product_tag?post=2695"}],"curies":[{"name":"wp","href":"https:\/\/api.w.org\/{rel}","templated":true}]}}